
{"id":6127,"date":"2022-02-22T18:05:45","date_gmt":"2022-02-22T17:05:45","guid":{"rendered":"https:\/\/www.cosmapack.it\/new\/?page_id=6127"},"modified":"2026-02-18T13:09:35","modified_gmt":"2026-02-18T12:09:35","slug":"i-nostri-valori","status":"publish","type":"page","link":"https:\/\/www.cosmapack.it\/new\/i-nostri-valori\/","title":{"rendered":"I nostri valori"},"content":{"rendered":"<div class=\"wpb-content-wrapper\"><p>[vc_row el_class=&#8221;gino&#8221;][vc_column][vc_empty_space height=&#8221;40px&#8221;][vc_column_text el_class=&#8221;gino&#8221;]<\/p>\n<div id=\"examples\">\n<div class=\"example\">\n<p style=\"text-align: center;\"><span style=\"font-family: Arial, Helvetica, sans-serif;\"><span class=\"hover hover-1\">I NOSTRI<\/span><span style=\"font-size: 30px;\"><span style=\"color: #ed0000;\"> VALORI<\/span><\/span><\/span><\/p>\n<\/div>\n<\/div>\n<p>[\/vc_column_text][vc_column_text]<\/p>\n<p style=\"text-align: justify;\"><span style=\"font-size: 18px;\">Affidabilit\u00e0, Correttezza e Trasparenza: Cosmapack \u00e8 un\u2019azienda affidabile che da oltre quaranta anni opera nel settore del packaging con correttezza e trasparenza nei rapporti con i propri clienti, fornitori, dipendenti e tutte le parti interessate. Cosmapack pone massima attenzione ai bisogni e alle aspettative legittime degli interlocutori\u00a0 interni ed esterni per migliorare il clima di appartenenza e il grado di soddisfazione. Le persone sono sempre state il vero valore aggiunto di Cosmapack. Cosmapack investe nella ricerca e nello sviluppo di nuovi prodotti e nuove soluzioni che elabora grazie anche al costante dialogo con i propri clienti e fornitori. Massima attenzione all\u2019efficienza e alla economicit\u00e0 dei prodotti per accrescere i livelli di produttivit\u00e0 e di competitivit\u00e0 dei propri clienti.<\/span><\/p>\n<p>[\/vc_column_text][vc_empty_space height=&#8221;50px&#8221;][\/vc_column][\/vc_row][vc_row el_class=&#8221;gino&#8221;][vc_column width=&#8221;1\/2&#8243;][vc_column_text]<\/p>\n<header>\n<h2><span style=\"font-family: Arial, Helvetica, sans-serif; font-size: 23px;\">CERTIFICAZIONE ISO 45001<\/span><\/h2>\n<\/header>\n<p><span style=\"font-family: Arial, Helvetica, sans-serif; font-size: 18px;\">Cosmapack ha recentemente ottenuto il certificato ISO 45001.<\/span><br \/><span style=\"font-family: Arial, Helvetica, sans-serif; font-size: 18px;\">Questo processo ci ha permesso di:<\/span><\/p>\n<ul>\n<li><span style=\"font-family: Arial, Helvetica, sans-serif; font-size: 18px;\">formulare obiettivi e politiche conformi alle normative vigenti e in base ai pericoli ed ai rischi potenzialmente presenti sul posto di lavoro,<\/span><\/li>\n<li><span style=\"font-family: Arial, Helvetica, sans-serif; font-size: 18px;\">tutelare i lavoratori esposti a rischi per la salute e la sicurezza,<\/span><\/li>\n<li><span style=\"font-family: Arial, Helvetica, sans-serif; font-size: 18px;\">assicurare la conformit\u00e0 con quanto stabilito dalla nostra politica di sicurezza e salute sul lavoro e darne dimostrazione all&#8217;esterno,<\/span><\/li>\n<li><span style=\"font-family: Arial, Helvetica, sans-serif; font-size: 18px;\">certificare il nostro Sistema di Gestione della SSL attraverso un&#8217;organizzazione indipendente.<\/span><\/li>\n<\/ul>\n<p>[\/vc_column_text][\/vc_column][vc_column width=&#8221;1\/2&#8243;][vc_single_image image=&#8221;6179&#8243; img_size=&#8221;570&#8243; alignment=&#8221;center&#8221; css=&#8221;.vc_custom_1645557571023{margin-top: -50px !important;}&#8221;][\/vc_column][\/vc_row][vc_row el_class=&#8221;gino&#8221;][vc_column width=&#8221;1\/2&#8243;][vc_single_image image=&#8221;6144&#8243; img_size=&#8221;500&#215;707&#8243; alignment=&#8221;right&#8221; onclick=&#8221;link_image&#8221;][\/vc_column][vc_column width=&#8221;1\/2&#8243;][vc_single_image image=&#8221;6146&#8243; img_size=&#8221;500&#215;707&#8243; onclick=&#8221;link_image&#8221;][\/vc_column][\/vc_row][vc_row][vc_column][vc_empty_space height=&#8221;60px&#8221;][\/vc_column][\/vc_row][vc_row][vc_column][\/vc_column][\/vc_row][vc_row css=&#8221;.vc_custom_1648908359459{margin-top: 100px !important;background-color: #f4f4f4 !important;}&#8221;][vc_column][vc_column_text]<\/p>\n<div id=\"examples\">\n<div class=\"example\">\n<p style=\"text-align: center;\"><span style=\"font-family: Arial, Helvetica, sans-serif;\"><span class=\"hover hover-1\" style=\"color: #000000;\">SEI INTERES<\/span><span style=\"font-size: 30px;\"><span style=\"color: #000000;\">SATO<\/span><span style=\"color: #ed0000;\"> AI NOSTRI PRODOTTI?<\/span><\/span><\/span><\/p>\n<\/div>\n<\/div>\n<p>[vc_empty_space height=&#8221;10px&#8221;]<\/p>\n<div align=\"center\">\n<ul>\n<li class=\"fas fa-phone-alt colors30\" style=\"text-align: center;\"><span style=\"color: #333333; font-size: 30px; font-family: Arial;\"> +39 080 4968989<\/span><\/li>\n<\/ul>\n<\/div>\n<p>[vc_empty_space height=&#8221;10px&#8221;]<\/p>\n<p style=\"text-align: center;\"><span style=\"font-size: 18px; font-family: Arial, Helvetica, sans-serif; line-height: 12px; color: #000000;\">Mettiamo a vostra disposizione un consulente che vi ascolter\u00e0 e<br \/>vi indirizzer\u00e0 verso la soluzione ideale al vostro caso. Il nostro successo \u00e8 in ogni<br \/>cliente pienamente soddisfatto.<\/span><\/p>\n<p>[\/vc_column_text][vc_column_text el_class=&#8221;gino&#8221; css=&#8221;.vc_custom_1647862614827{margin-top: -40px !important;}&#8221;]<\/p>\n<div align=\"center\"><div class=\"wpforms-container wpforms-container-full\" id=\"wpforms-5861\"><form id=\"wpforms-form-5861\" class=\"wpforms-validate wpforms-form wpforms-ajax-form\" data-formid=\"5861\" method=\"post\" enctype=\"multipart\/form-data\" action=\"\/new\/wp-json\/wp\/v2\/pages\/6127\" data-token=\"d91dee8026be6c5bb4e3df2bad451b86\"><noscript class=\"wpforms-error-noscript\">Abilita JavaScript nel browser per completare questo modulo.<\/noscript><div class=\"wpforms-field-container\"><div id=\"wpforms-5861-field_0-container\" class=\"wpforms-field wpforms-field-name\" data-field-id=\"0\"><label class=\"wpforms-field-label\" for=\"wpforms-5861-field_0\">Nome <span class=\"wpforms-required-label\">*<\/span><\/label><input type=\"text\" id=\"wpforms-5861-field_0\" class=\"wpforms-field-medium wpforms-field-required\" name=\"wpforms[fields][0]\" required><\/div><div id=\"wpforms-5861-field_3-container\" class=\"wpforms-field wpforms-field-name\" data-field-id=\"3\"><label class=\"wpforms-field-label\" for=\"wpforms-5861-field_3\">Cognome <span class=\"wpforms-required-label\">*<\/span><\/label><input type=\"text\" id=\"wpforms-5861-field_3\" class=\"wpforms-field-medium wpforms-field-required\" name=\"wpforms[fields][3]\" required><\/div><div id=\"wpforms-5861-field_1-container\" class=\"wpforms-field wpforms-field-email\" data-field-id=\"1\"><label class=\"wpforms-field-label\" for=\"wpforms-5861-field_1\">Email <span class=\"wpforms-required-label\">*<\/span><\/label><input type=\"email\" id=\"wpforms-5861-field_1\" class=\"wpforms-field-medium wpforms-field-required\" name=\"wpforms[fields][1]\" required><\/div><div id=\"wpforms-5861-field_2-container\" class=\"wpforms-field wpforms-field-textarea\" data-field-id=\"2\"><label class=\"wpforms-field-label\" for=\"wpforms-5861-field_2\">Messaggio <span class=\"wpforms-required-label\">*<\/span><\/label><textarea id=\"wpforms-5861-field_2\" class=\"wpforms-field-small wpforms-field-required\" name=\"wpforms[fields][2]\" required><\/textarea><\/div><\/div><input type=\"hidden\" name=\"wpforms[recaptcha]\" value=\"\"><div class=\"wpforms-submit-container\"><input type=\"hidden\" name=\"wpforms[id]\" value=\"5861\"><input type=\"hidden\" name=\"wpforms[author]\" value=\"3\"><button type=\"submit\" name=\"wpforms[submit]\" id=\"wpforms-submit-5861\" class=\"wpforms-submit\" data-alt-text=\"Invio in corso...\" data-submit-text=\"RICHIEDI INFORMAZIONI &gt;&gt;\" aria-live=\"assertive\" value=\"wpforms-submit\">RICHIEDI INFORMAZIONI &gt;&gt;<\/button><img src=\"https:\/\/www.cosmapack.it\/new\/wp-content\/plugins\/wpforms\/assets\/images\/submit-spin.svg\" class=\"wpforms-submit-spinner\" style=\"display: none;\" width=\"26\" height=\"26\" alt=\"\"><\/div><\/form><\/div>  <!-- .wpforms-container --><\/div>\n<p>[\/vc_column_text][vc_empty_space height=&#8221;15px&#8221;][\/vc_column][\/vc_row][vc_row full_height=&#8221;yes&#8221; columns_placement=&#8221;top&#8221; equal_height=&#8221;yes&#8221; content_placement=&#8221;top&#8221; el_class=&#8221;ginofoot&#8221; css=&#8221;.vc_custom_1646673260486{background: #818181 url(https:\/\/www.cosmapack.it\/new\/wp-content\/uploads\/2022\/03\/footer1_def1.png?id=6749) !important;}&#8221;][vc_column width=&#8221;1\/3&#8243;][vc_empty_space height=&#8221;10px&#8221;][vc_column_text]<\/p>\n<div class=\"coloresocial\" align=\"center\">\n<p><a class=\"fab fa-youtube colors1\" href=\"https:\/\/www.youtube.com\/user\/cosmapack\"><\/a>\u00a0\u00a0\u00a0\u00a0<a class=\"fab fa-facebook-square colors1\" href=\"https:\/\/it-it.facebook.com\/cosmapack\/\"><\/a>\u00a0\u00a0\u00a0\u00a0<a class=\"fab fa-linkedin colors1\" href=\"https:\/\/it.linkedin.com\/company\/cosmapack-international-s.r.l.\"><\/a><\/p>\n<hr class=\"new4\" \/>\n<p style=\"line-height: 20px; margin: 15px;\"><span style=\"font-family: Arial; font-size: 14px; color: #ffffff;\">Tieniti sempre informato,<\/span><br \/><span style=\"font-family: Arial, Helvetica, sans-serif; font-size: 14px; color: #ffffff;\">visita i nostri canali social<\/span><br \/><span style=\"font-family: Arial, Helvetica, sans-serif; font-size: 14px; color: #ffffff;\">e scoprirai tante novit\u00e0.<\/span><\/p>\n<\/div>\n<p>[\/vc_column_text][vc_single_image image=&#8221;6693&#8243; img_size=&#8221;&#8221; alignment=&#8221;center&#8221;][\/vc_column][vc_column width=&#8221;1\/3&#8243;][vc_empty_space height=&#8221;10px&#8221;][vc_column_text]<\/p>\n<div class=\"coloresocial\" align=\"center\">\n<ul>\n<li class=\"fas fa-home colors\"><span style=\"font-family: Arial, Helvetica, sans-serif; font-size: 17px; color: #ffffff; font-weight: 400;\">\u00a0C.da Montaltino n.c.<br \/>70044, Polignano a Mare (BA)<br \/>Italy<\/span><\/li>\n<\/ul>\n<ul>\n<li class=\"fas fa-phone colors\"><span style=\"font-family: Arial, Helvetica, sans-serif; font-size: 17px; color: #ffffff; font-weight: 400;\"> +39 080 4968989<\/span><\/li>\n<\/ul>\n<ul>\n<li class=\"fas fa-envelope colors\"><span style=\"font-family: Arial, Helvetica, sans-serif; font-size: 17px; color: #ffffff; font-weight: 400;\"> info@cosmapack.it<\/span><\/li>\n<\/ul>\n<ul>\n<li class=\"fas fa-copy colors\"><span style=\"font-family: Arial, Helvetica, sans-serif; font-size: 17px; color: #ffffff; font-weight: 400;\"> VAT: IT05375680724<\/span><\/li>\n<\/ul>\n<ul>\n<li class=\"fas fa-link colors\"><span style=\"font-family: Arial, Helvetica, sans-serif; font-size: 17px; color: #ffffff; font-weight: 400;\"> SDI: cosmapack.fe@pec.it<\/span><\/li>\n<\/ul>\n<\/div>\n<p>[\/vc_column_text][\/vc_column][vc_column width=&#8221;1\/3&#8243;][vc_empty_space height=&#8221;15px&#8221;][vc_single_image image=&#8221;6712&#8243; img_size=&#8221;&#8221; alignment=&#8221;center&#8221;][vc_single_image image=&#8221;6746&#8243; img_size=&#8221;&#8221; alignment=&#8221;center&#8221;][\/vc_column][\/vc_row][vc_row css=&#8221;.vc_custom_1648908576891{margin-top: -35px !important;background-color: #818181 !important;}&#8221;][vc_column][vc_column_text]<\/p>\n<p style=\"text-align: center;\"><span style=\"font-size: 10px;\"><span style=\"font-family: opensans;\"><span style=\"font-size: 14px; color: #ffffff;\">Realized by: <a href=\"https:\/\/www.vgtechnology.it\/\" style=\"color: #ffffff!important;\">V&amp;G Technology<\/a> &#8211; Concept: Cisternino Francesco<\/span><\/span><br \/><\/span>[\/vc_column_text][\/vc_column][\/vc_row]<\/p>\n<\/div>","protected":false},"excerpt":{"rendered":"<p>[vc_row el_class=&#8221;gino&#8221;][vc_column][vc_empty_space height=&#8221;40px&#8221;][vc_column_text el_class=&#8221;gino&#8221;] I NOSTRI VALORI [\/vc_column_text][vc_column_text] Affidabilit\u00e0, Correttezza e Trasparenza: Cosmapack \u00e8 un\u2019azienda affidabile che da oltre quaranta anni opera nel settore del packaging con correttezza e trasparenza nei rapporti con i propri clienti, fornitori, dipendenti e tutte le parti interessate. Cosmapack pone massima attenzione ai bisogni e alle aspettative legittime degli interlocutori\u00a0 [&hellip;]<\/p>\n","protected":false},"author":3,"featured_media":0,"parent":0,"menu_order":0,"comment_status":"closed","ping_status":"closed","template":"","meta":[],"lang":"it","translations":{"en":8276,"it":6127},"pll_sync_post":[],"_links":{"self":[{"href":"https:\/\/www.cosmapack.it\/new\/wp-json\/wp\/v2\/pages\/6127"}],"collection":[{"href":"https:\/\/www.cosmapack.it\/new\/wp-json\/wp\/v2\/pages"}],"about":[{"href":"https:\/\/www.cosmapack.it\/new\/wp-json\/wp\/v2\/types\/page"}],"author":[{"embeddable":true,"href":"https:\/\/www.cosmapack.it\/new\/wp-json\/wp\/v2\/users\/3"}],"replies":[{"embeddable":true,"href":"https:\/\/www.cosmapack.it\/new\/wp-json\/wp\/v2\/comments?post=6127"}],"version-history":[{"count":61,"href":"https:\/\/www.cosmapack.it\/new\/wp-json\/wp\/v2\/pages\/6127\/revisions"}],"predecessor-version":[{"id":9114,"href":"https:\/\/www.cosmapack.it\/new\/wp-json\/wp\/v2\/pages\/6127\/revisions\/9114"}],"wp:attachment":[{"href":"https:\/\/www.cosmapack.it\/new\/wp-json\/wp\/v2\/media?parent=6127"}],"curies":[{"name":"wp","href":"https:\/\/api.w.org\/{rel}","templated":true}]}}